{"id":7682,"date":"2025-02-18T14:21:08","date_gmt":"2025-02-18T14:21:08","guid":{"rendered":"https:\/\/krysha.md\/?page_id=7682"},"modified":"2026-04-27T14:36:39","modified_gmt":"2026-04-27T14:36:39","slug":"preturi","status":"publish","type":"page","link":"https:\/\/new.krysha.md\/ru\/preturi\/","title":{"rendered":"\u0426\u0435\u043d\u044b"},"content":{"rendered":"\t\t<div data-elementor-type=\"wp-page\" data-elementor-id=\"7682\" class=\"elementor elementor-7682\" data-elementor-post-type=\"page\">\n\t\t\t\t\t\t<section class=\"elementor-section elementor-top-section elementor-element elementor-element-ecbfee3 elementor-section-boxed elementor-section-height-default elementor-section-height-default\" data-id=\"ecbfee3\" data-element_type=\"section\" data-e-type=\"section\">\n\t\t\t\t\t\t<div class=\"elementor-container elementor-column-gap-default\">\n\t\t\t\t\t<div class=\"elementor-column elementor-col-100 elementor-top-column elementor-element elementor-element-25f5cca\" data-id=\"25f5cca\" data-element_type=\"column\" data-e-type=\"column\">\n\t\t\t<div class=\"elementor-widget-wrap elementor-element-populated\">\n\t\t\t\t\t\t<section class=\"wd-negative-gap elementor-section elementor-inner-section elementor-element elementor-element-e654071 elementor-section-boxed elementor-section-height-default elementor-section-height-default\" data-id=\"e654071\" data-element_type=\"section\" data-e-type=\"section\">\n\t\t\t\t\t\t<div class=\"elementor-container elementor-column-gap-default\">\n\t\t\t\t\t<div class=\"elementor-column elementor-col-100 elementor-inner-column elementor-element elementor-element-6f8c89e\" data-id=\"6f8c89e\" data-element_type=\"column\" data-e-type=\"column\">\n\t\t\t<div class=\"elementor-widget-wrap elementor-element-populated\">\n\t\t\t\t\t\t<div class=\"elementor-element elementor-element-b93cc04 sec-lucru elementor-widget__width-initial wd-width-100 elementor-widget elementor-widget-wd_title\" data-id=\"b93cc04\" data-element_type=\"widget\" data-e-type=\"widget\" data-widget_type=\"wd_title.default\">\n\t\t\t\t<div class=\"elementor-widget-container\">\n\t\t\t\t\t\t\t<div class=\"title-wrapper wd-set-mb reset-last-child wd-title-color-default wd-title-style-default wd-title-size-default text-center\">\n\n\t\t\t\n\t\t\t<div class=\"liner-continer\">\n\t\t\t\t<h4 class=\"woodmart-title-container title wd-fontsize-l\">Costul materialelor pentru acoperi\u0219uri \u00een 2026<\/h4> \n\t\t\t\t\t\t\t<\/div>\n\n\t\t\t\t\t<\/div>\n\t\t\t\t\t\t<\/div>\n\t\t\t\t<\/div>\n\t\t\t\t<div class=\"elementor-element elementor-element-e4d5c6f program elementor-widget elementor-widget-html\" data-id=\"e4d5c6f\" data-element_type=\"widget\" data-e-type=\"widget\" data-widget_type=\"html.default\">\n\t\t\t\t<div class=\"elementor-widget-container\">\n\t\t\t\t\t<table class=\"price-table\">\r\n   <thead>\r\n      <tr>\r\n         <th>Denumire<\/th>\r\n         <th>Unitate de m\u0103sur\u0103<\/th>\r\n         <th>Pre\u021b<\/th>\r\n      <\/tr>\r\n   <\/thead>\r\n   <tbody>\r\n       <tr>\r\n         <td>Tigla Metalica Coreea<\/td>\r\n         <td>m<sup>2<\/sup><\/td>\r\n         <td>130&#43 Lei<\/td>\r\n      <\/tr>\r\n      <tr>\r\n         <td>Tigla Metalica Coreea V-Matt 0.45mm<\/td>\r\n         <td>m<sup>2<\/sup><\/td>\r\n         <td>145&#43 Lei<\/td>\r\n      <\/tr>\r\n      <tr>\r\n         <td>Tigla Metalica Italia  0.45mm<\/td>\r\n         <td>m<sup>2<\/sup><\/td>\r\n         <td>145&#43 Lei<\/td>\r\n      <\/tr>\r\n      <tr>\r\n         <td>Tigla Metalica Italia 0.5mm<\/td>\r\n         <td>m<sup>2<\/sup><\/td>\r\n         <td>165&#43 Lei<\/td>\r\n      <\/tr>\r\n      <tr>\r\n         <td>Tigla Metalica Suedia 0.5mm<\/td>\r\n         <td>m<sup>2<\/sup><\/td>\r\n         <td>239 Lei<\/td>\r\n      <\/tr>\r\n      <tr>\r\n         <td>Sindrila Bituminoasa<\/td>\r\n         <td>m<sup>2<\/sup><\/td>\r\n         <td>170 Lei<\/td>\r\n      <\/tr>\r\n      <tr>\r\n         <td>Pelicula SuperDifuzie<\/td>\r\n         <td>m<sup>2<\/sup><\/td>\r\n         <td>13 Lei<\/td>\r\n      <\/tr>\r\n      <tr>\r\n         <td>Sort Streasina<\/td>\r\n         <td>m<\/td>\r\n         <td>75 Lei<\/td>\r\n      <\/tr>\r\n      <tr>\r\n         <td>Bordura Fronton<\/td>\r\n         <td>m<\/td>\r\n         <td>110 Lei<\/td>\r\n      <\/tr>\r\n      <tr>\r\n         <td>Coama Rotunda<\/td>\r\n         <td>m<\/td>\r\n         <td>140 Lei<\/td>\r\n      <\/tr>\r\n      <tr>\r\n         <td>Dolie<\/td>\r\n         <td>m<\/td>\r\n         <td>190 Lei<\/td>\r\n      <\/tr>\r\n      <tr>\r\n         <td>Jgheab semicircular (3000mm)<\/td>\r\n         <td>buc.<\/td>\r\n         <td>350 Lei<\/td>\r\n      <\/tr>\r\n      <tr>\r\n         <td>Coltar ext.\/inter. jgheab<\/td>\r\n         <td>buc.<\/td>\r\n         <td>350 Lei<\/td>\r\n      <\/tr>\r\n      <tr>\r\n         <td>Racord jgheab burlan<\/td>\r\n         <td>buc.<\/td>\r\n         <td>130 Lei<\/td>\r\n      <\/tr>\r\n      <tr>\r\n         <td>Prelungitor burlan<\/td>\r\n         <td>buc.<\/td>\r\n         <td>134 Lei<\/td>\r\n      <\/tr>\r\n      <tr>\r\n         <td>Cot Burlan<\/td>\r\n         <td>buc.<\/td>\r\n         <td>177 Lei<\/td>\r\n      <\/tr>\r\n      <tr>\r\n         <td>Cirlig jgheab<\/td>\r\n         <td>buc.<\/td>\r\n         <td>84 Lei<\/td>\r\n      <\/tr>\r\n      <tr>\r\n         <td>Lemn in asortimen<\/td>\r\n         <td>m<sup>3<\/sup><\/td>\r\n         <td>5400&#43; Lei<\/td>\r\n      <\/tr>\r\n      <tr>\r\n         <td>Jgheab AquaSistem<\/td>\r\n         <td>m<\/td>\r\n         <td>190 Lei<\/td>\r\n      <\/tr>\r\n      <tr>\r\n         <td>Tirant<\/td>\r\n         <td>buc.<\/td>\r\n         <td>30 Lei<\/td>\r\n      <\/tr>\r\n      <tr>\r\n         <td>Surub Metal<\/td>\r\n         <td>buc.<\/td>\r\n         <td>0.9 Lei<\/td>\r\n      <\/tr>\r\n      <tr>\r\n         <td>Consumabile si elemente de fixare<\/td>\r\n         <td>buc.<\/td>\r\n         <td>7000&#43; Lei<\/td>\r\n      <\/tr>\r\n      <tr>\r\n         <td>Montaj acoperis <\/td>\r\n         <td>m<sup>2<\/sup><\/td>\r\n         <td>290 Lei<\/td>\r\n      <\/tr>\r\n      <tr>\r\n         <td>Demontare acoperis<\/td>\r\n         <td>buc.<\/td>\r\n         <td>Gratuit<\/td>\r\n      <\/tr>\r\n      <tr>\r\n         <td>Proiectare acoperis<\/td>\r\n         <td>buc.<\/td>\r\n         <td>Gratuit<\/td>\r\n      <\/tr>\r\n      <tr>\r\n         <td>Tabla Cutata Imitatie lemn (Sandramaua)<\/td>\r\n         <td>m<sup>2<\/sup><\/td>\r\n         <td>160 Lei<\/td>\r\n      <\/tr>\r\n            <tr>\r\n         <td>Tabl\u0103 cutat\u0103 gard 0.4mm<\/td>\r\n         <td>m<sup>2<\/sup><\/td>\r\n         <td>95 Lei<\/td>\r\n      <\/tr>\r\n                  <tr>\r\n         <td>Tabl\u0103 cutat\u0103 gard 0.3mm<\/td>\r\n         <td>m<sup>2<\/sup><\/td>\r\n         <td>90 Lei<\/td>\r\n      <\/tr>\r\n   <\/tbody>\r\n<\/table>\t\t\t\t<\/div>\n\t\t\t\t<\/div>\n\t\t\t\t\t<\/div>\n\t\t<\/div>\n\t\t\t\t\t<\/div>\n\t\t<\/section>\n\t\t\t\t<section class=\"wd-negative-gap elementor-section elementor-inner-section elementor-element elementor-element-f5f558c elementor-section-boxed elementor-section-height-default elementor-section-height-default\" data-id=\"f5f558c\" data-element_type=\"section\" data-e-type=\"section\">\n\t\t\t\t\t\t<div class=\"elementor-container elementor-column-gap-default\">\n\t\t\t\t\t<div class=\"elementor-column elementor-col-100 elementor-inner-column elementor-element elementor-element-163bbef\" data-id=\"163bbef\" data-element_type=\"column\" data-e-type=\"column\">\n\t\t\t<div class=\"elementor-widget-wrap elementor-element-populated\">\n\t\t\t\t\t\t<div class=\"elementor-element elementor-element-778a6c1 elementor-widget elementor-widget-shortcode\" data-id=\"778a6c1\" data-element_type=\"widget\" data-e-type=\"widget\" data-widget_type=\"shortcode.default\">\n\t\t\t\t<div class=\"elementor-widget-container\">\n\t\t\t\t\t\t\t<div class=\"elementor-shortcode\">[calculator_button]<\/div>\n\t\t\t\t\t\t<\/div>\n\t\t\t\t<\/div>\n\t\t\t\t<div class=\"elementor-element elementor-element-91d0eea elementor-widget__width-initial elementor-hidden-desktop elementor-hidden-tablet elementor-hidden-mobile wd-cf7 elementor-widget elementor-widget-wd_contact_form_7\" data-id=\"91d0eea\" data-element_type=\"widget\" data-e-type=\"widget\" id=\"inline\" data-widget_type=\"wd_contact_form_7.default\">\n\t\t\t\t<div class=\"elementor-widget-container\">\n\t\t\t\t\t\n<div class=\"wpcf7 no-js\" id=\"wpcf7-f15659-o1\" lang=\"ro-RO\" dir=\"ltr\" data-wpcf7-id=\"15659\">\n<div class=\"screen-reader-response\"><p role=\"status\" aria-live=\"polite\" aria-atomic=\"true\"><\/p> <ul><\/ul><\/div>\n<form action=\"\/ru\/wp-json\/wp\/v2\/pages\/7682#wpcf7-f15659-o1\" method=\"post\" class=\"wpcf7-form init\" aria-label=\"Formular de contact\" novalidate=\"novalidate\" data-status=\"init\">\n<fieldset class=\"hidden-fields-container\"><input type=\"hidden\" name=\"_wpcf7\" value=\"15659\" \/><input type=\"hidden\" name=\"_wpcf7_version\" value=\"6.1.5\" \/><input type=\"hidden\" name=\"_wpcf7_locale\" value=\"ro_RO\" \/><input type=\"hidden\" name=\"_wpcf7_unit_tag\" value=\"wpcf7-f15659-o1\" \/><input type=\"hidden\" name=\"_wpcf7_container_post\" value=\"0\" \/><input type=\"hidden\" name=\"_wpcf7_posted_data_hash\" value=\"\" \/><input type=\"hidden\" name=\"_wpcf7_recaptcha_response\" value=\"\" \/>\n<\/fieldset>\n<div class=\"cf7-row\">\n\t<p><span class=\"wpcf7-form-control-wrap\" data-name=\"your-name\"><input size=\"40\" maxlength=\"400\" class=\"wpcf7-form-control wpcf7-text wpcf7-validates-as-required\" autocomplete=\"name\" aria-required=\"true\" aria-invalid=\"false\" placeholder=\"Nume Prenume\" value=\"\" type=\"text\" name=\"your-name\" \/><\/span>\n\t<\/p>\n\t<p><span class=\"wpcf7-form-control-wrap\" data-name=\"your-tel\"><input size=\"40\" maxlength=\"400\" class=\"wpcf7-form-control wpcf7-tel wpcf7-validates-as-required wpcf7-text wpcf7-validates-as-tel\" autocomplete=\"tel\" aria-required=\"true\" aria-invalid=\"false\" placeholder=\"+373 xx xxxxxxxx\" value=\"\" type=\"tel\" name=\"your-tel\" \/><\/span>\n\t<\/p>\n\n\t<div class=\"buton-contact\">\n\t\t<p><input class=\"wpcf7-form-control wpcf7-submit has-spinner\" type=\"submit\" value=\"Trimite\" \/>\n\t\t<\/p>\n\t<\/div>\n<\/div>\n<p><span class=\"wpcf7-form-control-wrap\" data-name=\"your-agree\"><span class=\"wpcf7-form-control wpcf7-checkbox wpcf7-validates-as-required\"><span class=\"wpcf7-list-item first last\"><label><input type=\"checkbox\" name=\"your-agree[]\" value=\"Sunt de acord cu Politica de confiden\u021bialitate \u0219i cu prelucrarea datelor \u00een scopul contact\u0103rii mele.\" \/><span class=\"wpcf7-list-item-label\">Sunt de acord cu Politica de confiden\u021bialitate \u0219i cu prelucrarea datelor \u00een scopul contact\u0103rii mele.<\/span><\/label><\/span><\/span><\/span>\n<\/p><div class=\"wpcf7-response-output\" aria-hidden=\"true\"><\/div>\n<\/form>\n<\/div>\n\t\t\t\t<\/div>\n\t\t\t\t<\/div>\n\t\t\t\t<div class=\"elementor-element elementor-element-e59ace4 elementor-widget__width-initial elementor-widget elementor-widget-spacer\" data-id=\"e59ace4\" data-element_type=\"widget\" data-e-type=\"widget\" data-widget_type=\"spacer.default\">\n\t\t\t\t<div class=\"elementor-widget-container\">\n\t\t\t\t\t\t\t<div class=\"elementor-spacer\">\n\t\t\t<div class=\"elementor-spacer-inner\"><\/div>\n\t\t<\/div>\n\t\t\t\t\t\t<\/div>\n\t\t\t\t<\/div>\n\t\t\t\t<div class=\"elementor-element elementor-element-efdebce wd-width-100 elementor-widget elementor-widget-wd_title\" data-id=\"efdebce\" data-element_type=\"widget\" data-e-type=\"widget\" data-widget_type=\"wd_title.default\">\n\t\t\t\t<div class=\"elementor-widget-container\">\n\t\t\t\t\t\t\t<div class=\"title-wrapper wd-set-mb reset-last-child wd-title-color-primary wd-title-style-underlined wd-title-size-medium text-center\">\n\n\t\t\t\n\t\t\t<div class=\"liner-continer\">\n\t\t\t\t<h4 class=\"woodmart-title-container title wd-fontsize-xl\">Preturile sunt negociabile, pentru detalii contactati managerii nostri.<\/h4> \n\t\t\t\t\t\t\t<\/div>\n\n\t\t\t\t\t<\/div>\n\t\t\t\t\t\t<\/div>\n\t\t\t\t<\/div>\n\t\t\t\t<div class=\"elementor-element elementor-element-0a076b6 elementor-widget elementor-widget-spacer\" data-id=\"0a076b6\" data-element_type=\"widget\" data-e-type=\"widget\" data-widget_type=\"spacer.default\">\n\t\t\t\t<div class=\"elementor-widget-container\">\n\t\t\t\t\t\t\t<div class=\"elementor-spacer\">\n\t\t\t<div class=\"elementor-spacer-inner\"><\/div>\n\t\t<\/div>\n\t\t\t\t\t\t<\/div>\n\t\t\t\t<\/div>\n\t\t\t\t<div class=\"elementor-element elementor-element-8118fa8 elementor-widget elementor-widget-wd_button\" data-id=\"8118fa8\" data-element_type=\"widget\" data-e-type=\"widget\" data-widget_type=\"wd_button.default\">\n\t\t\t\t<div class=\"elementor-widget-container\">\n\t\t\t\t\t\t\t<div class=\"wd-button-wrapper text-center\" >\n\t\t\t<a class=\"btn btn-style-bordered btn-shape-semi-round btn-size-extra-large btn-color-primary btn-icon-pos-left\"  href=\"tel:+37360687027\">\n\t\t\t\t<span class=\"wd-btn-text\" data-elementor-setting-key=\"text\">\n\t\t\t\t\tSUN\u0102 ACUM\t\t\t\t<\/span>\n\n\t\t\t\t\t\t\t<\/a>\n\t\t<\/div>\n\t\t\t\t\t\t<\/div>\n\t\t\t\t<\/div>\n\t\t\t\t\t<\/div>\n\t\t<\/div>\n\t\t\t\t\t<\/div>\n\t\t<\/section>\n\t\t\t\t\t<\/div>\n\t\t<\/div>\n\t\t\t\t\t<\/div>\n\t\t<\/section>\n\t\t\t\t<\/div>\n\t\t","protected":false},"excerpt":{"rendered":"<p>Costul materialelor pentru acoperi\u0219uri \u00een 2026 Denumire Unitate de m\u0103sur\u0103 Pre\u021b Tigla Metalica Coreea m2 130&#038;#43 Lei Tigla Metalica Coreea<\/p>","protected":false},"author":6,"featured_media":0,"parent":0,"menu_order":0,"comment_status":"closed","ping_status":"closed","template":"","meta":{"footnotes":""},"class_list":["post-7682","page","type-page","status-publish","hentry"],"_links":{"self":[{"href":"https:\/\/new.krysha.md\/ru\/wp-json\/wp\/v2\/pages\/7682","targetHints":{"allow":["GET"]}}],"collection":[{"href":"https:\/\/new.krysha.md\/ru\/wp-json\/wp\/v2\/pages"}],"about":[{"href":"https:\/\/new.krysha.md\/ru\/wp-json\/wp\/v2\/types\/page"}],"author":[{"embeddable":true,"href":"https:\/\/new.krysha.md\/ru\/wp-json\/wp\/v2\/users\/6"}],"replies":[{"embeddable":true,"href":"https:\/\/new.krysha.md\/ru\/wp-json\/wp\/v2\/comments?post=7682"}],"version-history":[{"count":16,"href":"https:\/\/new.krysha.md\/ru\/wp-json\/wp\/v2\/pages\/7682\/revisions"}],"predecessor-version":[{"id":16101,"href":"https:\/\/new.krysha.md\/ru\/wp-json\/wp\/v2\/pages\/7682\/revisions\/16101"}],"wp:attachment":[{"href":"https:\/\/new.krysha.md\/ru\/wp-json\/wp\/v2\/media?parent=7682"}],"curies":[{"name":"wp","href":"https:\/\/api.w.org\/{rel}","templated":true}]}}